{"id":7,"date":"2019-02-07T17:14:34","date_gmt":"2019-02-07T16:14:34","guid":{"rendered":"http:\/\/info.edython.eu\/?page_id=7"},"modified":"2019-02-07T17:42:05","modified_gmt":"2019-02-07T16:42:05","slug":"accueil","status":"publish","type":"page","link":"https:\/\/info.edython.eu\/","title":{"rendered":"L&rsquo;aventure commence ici !"},"content":{"rendered":"<p><strong>Edython<\/strong>\u00a0est un environnement de programmation int\u00e9gr\u00e9 qui utilise des blocs visuels comme par exemple Scratch, Snap! ou Blockly. Mais ici le langage utilis\u00e9 est Python. <strong>Edython<\/strong> est con\u00e7u comme un tremplin vers ce langage tr\u00e8s puissant.\u00a0Vous pouvez l&rsquo;<a href=\"https:\/\/playground.edython.eu\">utiliser en ligne<\/a> ou t\u00e9l\u00e9charger une version pour ordinateur.<\/p>\n<p><iframe src=\"https:\/\/www.youtube.com\/embed\/CBuTfN8By5I\" width=\"560\" height=\"315\" frameborder=\"0\" allowfullscreen=\"allowfullscreen\"><\/iframe><\/p>\n","protected":false},"excerpt":{"rendered":"<p>Edython\u00a0est un environnement de programmation int\u00e9gr\u00e9 qui utilise des blocs visuels comme par exemple Scratch, Snap! ou Blockly. Mais ici le langage utilis\u00e9 est Python. Edython est con\u00e7u comme un tremplin vers ce langage tr\u00e8s puissant.\u00a0Vous pouvez l&rsquo;utiliser en ligne ou t\u00e9l\u00e9charger une version pour ordinateur.<\/p>\n","protected":false},"author":1,"featured_media":0,"parent":0,"menu_order":0,"comment_status":"closed","ping_status":"closed","template":"","meta":[],"_links":{"self":[{"href":"https:\/\/info.edython.eu\/index.php\/wp-json\/wp\/v2\/pages\/7"}],"collection":[{"href":"https:\/\/info.edython.eu\/index.php\/wp-json\/wp\/v2\/pages"}],"about":[{"href":"https:\/\/info.edython.eu\/index.php\/wp-json\/wp\/v2\/types\/page"}],"author":[{"embeddable":true,"href":"https:\/\/info.edython.eu\/index.php\/wp-json\/wp\/v2\/users\/1"}],"replies":[{"embeddable":true,"href":"https:\/\/info.edython.eu\/index.php\/wp-json\/wp\/v2\/comments?post=7"}],"version-history":[{"count":3,"href":"https:\/\/info.edython.eu\/index.php\/wp-json\/wp\/v2\/pages\/7\/revisions"}],"predecessor-version":[{"id":36,"href":"https:\/\/info.edython.eu\/index.php\/wp-json\/wp\/v2\/pages\/7\/revisions\/36"}],"wp:attachment":[{"href":"https:\/\/info.edython.eu\/index.php\/wp-json\/wp\/v2\/media?parent=7"}],"curies":[{"name":"wp","href":"https:\/\/api.w.org\/{rel}","templated":true}]}}